{"id":2130,"date":"2025-04-06T22:40:04","date_gmt":"2025-04-06T22:40:04","guid":{"rendered":"https:\/\/golfempresarial.com.mx\/?page_id=2130"},"modified":"2025-12-04T06:00:36","modified_gmt":"2025-12-04T06:00:36","slug":"golf-empresarial-tour-2025-2da-etapa-2","status":"publish","type":"page","link":"https:\/\/golfempresarial.com.mx\/index.php\/golf-empresarial-tour-2025-2da-etapa-2\/","title":{"rendered":"GOLF EMPRESARIAL &#8211; TOUR 2025 &#8211; 2DA ETAPA ATLAS C.C. (CONCLUIDA)"},"content":{"rendered":"\n<div class=\"wp-block-uagb-container uagb-block-1f9cb586 alignfull uagb-is-root-container\">\n<figure class=\"is-layout-flex wp-block-gallery-1 wp-block-gallery has-nested-images columns-default is-cropped\">\n<figure class=\"wp-block-image size-full\"><img decoding=\"async\" loading=\"lazy\" width=\"1080\" height=\"720\" src=\"https:\/\/golfempresarial.com.mx\/wp-content\/uploads\/2025\/04\/01.png\" alt=\"\" class=\"wp-image-2140\" srcset=\"https:\/\/golfempresarial.com.mx\/wp-content\/uploads\/2025\/04\/01.png 1080w, https:\/\/golfempresarial.com.mx\/wp-content\/uploads\/2025\/04\/01-300x200.png 300w, https:\/\/golfempresarial.com.mx\/wp-content\/uploads\/2025\/04\/01-1024x683.png 1024w, https:\/\/golfempresarial.com.mx\/wp-content\/uploads\/2025\/04\/01-768x512.png 768w, https:\/\/golfempresarial.com.mx\/wp-content\/uploads\/2025\/04\/01-200x133.png 200w\" sizes=\"(max-width: 1080px) 100vw, 1080px\" \/><\/figure>\n\n\n\n<figure class=\"wp-block-image size-full\"><img decoding=\"async\" loading=\"lazy\" width=\"1080\" height=\"720\" src=\"https:\/\/golfempresarial.com.mx\/wp-content\/uploads\/2025\/04\/02.png\" alt=\"\" class=\"wp-image-2134\" srcset=\"https:\/\/golfempresarial.com.mx\/wp-content\/uploads\/2025\/04\/02.png 1080w, https:\/\/golfempresarial.com.mx\/wp-content\/uploads\/2025\/04\/02-300x200.png 300w, https:\/\/golfempresarial.com.mx\/wp-content\/uploads\/2025\/04\/02-1024x683.png 1024w, https:\/\/golfempresarial.com.mx\/wp-content\/uploads\/2025\/04\/02-768x512.png 768w, https:\/\/golfempresarial.com.mx\/wp-content\/uploads\/2025\/04\/02-200x133.png 200w\" sizes=\"(max-width: 1080px) 100vw, 1080px\" \/><\/figure>\n\n\n\n<figure class=\"wp-block-image size-full\"><img decoding=\"async\" loading=\"lazy\" width=\"1080\" height=\"720\" src=\"https:\/\/golfempresarial.com.mx\/wp-content\/uploads\/2025\/04\/03.png\" alt=\"\" class=\"wp-image-2146\" srcset=\"https:\/\/golfempresarial.com.mx\/wp-content\/uploads\/2025\/04\/03.png 1080w, https:\/\/golfempresarial.com.mx\/wp-content\/uploads\/2025\/04\/03-300x200.png 300w, https:\/\/golfempresarial.com.mx\/wp-content\/uploads\/2025\/04\/03-1024x683.png 1024w, https:\/\/golfempresarial.com.mx\/wp-content\/uploads\/2025\/04\/03-768x512.png 768w, https:\/\/golfempresarial.com.mx\/wp-content\/uploads\/2025\/04\/03-200x133.png 200w\" sizes=\"(max-width: 1080px) 100vw, 1080px\" \/><\/figure>\n\n\n\n<figure class=\"wp-block-image size-full\"><img decoding=\"async\" loading=\"lazy\" width=\"1080\" height=\"720\" src=\"https:\/\/golfempresarial.com.mx\/wp-content\/uploads\/2025\/04\/04.png\" alt=\"\" class=\"wp-image-2150\" srcset=\"https:\/\/golfempresarial.com.mx\/wp-content\/uploads\/2025\/04\/04.png 1080w, https:\/\/golfempresarial.com.mx\/wp-content\/uploads\/2025\/04\/04-300x200.png 300w, https:\/\/golfempresarial.com.mx\/wp-content\/uploads\/2025\/04\/04-1024x683.png 1024w, https:\/\/golfempresarial.com.mx\/wp-content\/uploads\/2025\/04\/04-768x512.png 768w, https:\/\/golfempresarial.com.mx\/wp-content\/uploads\/2025\/04\/04-200x133.png 200w\" sizes=\"(max-width: 1080px) 100vw, 1080px\" \/><\/figure>\n\n\n\n<figure class=\"wp-block-image size-full\"><img decoding=\"async\" loading=\"lazy\" width=\"1080\" height=\"720\" src=\"https:\/\/golfempresarial.com.mx\/wp-content\/uploads\/2025\/04\/05.png\" alt=\"\" class=\"wp-image-2149\" srcset=\"https:\/\/golfempresarial.com.mx\/wp-content\/uploads\/2025\/04\/05.png 1080w, https:\/\/golfempresarial.com.mx\/wp-content\/uploads\/2025\/04\/05-300x200.png 300w, https:\/\/golfempresarial.com.mx\/wp-content\/uploads\/2025\/04\/05-1024x683.png 1024w, https:\/\/golfempresarial.com.mx\/wp-content\/uploads\/2025\/04\/05-768x512.png 768w, https:\/\/golfempresarial.com.mx\/wp-content\/uploads\/2025\/04\/05-200x133.png 200w\" sizes=\"(max-width: 1080px) 100vw, 1080px\" \/><\/figure>\n\n\n\n<figure class=\"wp-block-image size-full\"><img decoding=\"async\" loading=\"lazy\" width=\"1080\" height=\"720\" src=\"https:\/\/golfempresarial.com.mx\/wp-content\/uploads\/2025\/04\/06.png\" alt=\"\" class=\"wp-image-2143\" srcset=\"https:\/\/golfempresarial.com.mx\/wp-content\/uploads\/2025\/04\/06.png 1080w, https:\/\/golfempresarial.com.mx\/wp-content\/uploads\/2025\/04\/06-300x200.png 300w, https:\/\/golfempresarial.com.mx\/wp-content\/uploads\/2025\/04\/06-1024x683.png 1024w, https:\/\/golfempresarial.com.mx\/wp-content\/uploads\/2025\/04\/06-768x512.png 768w, https:\/\/golfempresarial.com.mx\/wp-content\/uploads\/2025\/04\/06-200x133.png 200w\" sizes=\"(max-width: 1080px) 100vw, 1080px\" \/><\/figure>\n\n\n\n<figure class=\"wp-block-image size-full\"><img decoding=\"async\" loading=\"lazy\" width=\"1080\" height=\"720\" src=\"https:\/\/golfempresarial.com.mx\/wp-content\/uploads\/2025\/04\/07.png\" alt=\"\" class=\"wp-image-2157\" srcset=\"https:\/\/golfempresarial.com.mx\/wp-content\/uploads\/2025\/04\/07.png 1080w, https:\/\/golfempresarial.com.mx\/wp-content\/uploads\/2025\/04\/07-300x200.png 300w, https:\/\/golfempresarial.com.mx\/wp-content\/uploads\/2025\/04\/07-1024x683.png 1024w, https:\/\/golfempresarial.com.mx\/wp-content\/uploads\/2025\/04\/07-768x512.png 768w, https:\/\/golfempresarial.com.mx\/wp-content\/uploads\/2025\/04\/07-200x133.png 200w\" sizes=\"(max-width: 1080px) 100vw, 1080px\" \/><\/figure>\n\n\n\n<figure class=\"wp-block-image size-full\"><img decoding=\"async\" loading=\"lazy\" width=\"1080\" height=\"720\" src=\"https:\/\/golfempresarial.com.mx\/wp-content\/uploads\/2025\/04\/08.png\" alt=\"\" class=\"wp-image-2145\" srcset=\"https:\/\/golfempresarial.com.mx\/wp-content\/uploads\/2025\/04\/08.png 1080w, https:\/\/golfempresarial.com.mx\/wp-content\/uploads\/2025\/04\/08-300x200.png 300w, https:\/\/golfempresarial.com.mx\/wp-content\/uploads\/2025\/04\/08-1024x683.png 1024w, https:\/\/golfempresarial.com.mx\/wp-content\/uploads\/2025\/04\/08-768x512.png 768w, https:\/\/golfempresarial.com.mx\/wp-content\/uploads\/2025\/04\/08-200x133.png 200w\" sizes=\"(max-width: 1080px) 100vw, 1080px\" \/><\/figure>\n\n\n\n<figure class=\"wp-block-image size-full\"><img decoding=\"async\" loading=\"lazy\" width=\"1080\" height=\"720\" src=\"https:\/\/golfempresarial.com.mx\/wp-content\/uploads\/2025\/04\/09.png\" alt=\"\" class=\"wp-image-2147\" srcset=\"https:\/\/golfempresarial.com.mx\/wp-content\/uploads\/2025\/04\/09.png 1080w, https:\/\/golfempresarial.com.mx\/wp-content\/uploads\/2025\/04\/09-300x200.png 300w, https:\/\/golfempresarial.com.mx\/wp-content\/uploads\/2025\/04\/09-1024x683.png 1024w, https:\/\/golfempresarial.com.mx\/wp-content\/uploads\/2025\/04\/09-768x512.png 768w, https:\/\/golfempresarial.com.mx\/wp-content\/uploads\/2025\/04\/09-200x133.png 200w\" sizes=\"(max-width: 1080px) 100vw, 1080px\" \/><\/figure>\n\n\n\n<figure class=\"wp-block-image size-full\"><img decoding=\"async\" loading=\"lazy\" width=\"1080\" height=\"720\" src=\"https:\/\/golfempresarial.com.mx\/wp-content\/uploads\/2025\/04\/10.png\" alt=\"\" class=\"wp-image-2148\" srcset=\"https:\/\/golfempresarial.com.mx\/wp-content\/uploads\/2025\/04\/10.png 1080w, https:\/\/golfempresarial.com.mx\/wp-content\/uploads\/2025\/04\/10-300x200.png 300w, https:\/\/golfempresarial.com.mx\/wp-content\/uploads\/2025\/04\/10-1024x683.png 1024w, https:\/\/golfempresarial.com.mx\/wp-content\/uploads\/2025\/04\/10-768x512.png 768w, https:\/\/golfempresarial.com.mx\/wp-content\/uploads\/2025\/04\/10-200x133.png 200w\" sizes=\"(max-width: 1080px) 100vw, 1080px\" \/><\/figure>\n\n\n\n<figure class=\"wp-block-image size-full\"><img decoding=\"async\" loading=\"lazy\" width=\"1080\" height=\"720\" src=\"https:\/\/golfempresarial.com.mx\/wp-content\/uploads\/2025\/04\/11.png\" alt=\"\" class=\"wp-image-2138\" srcset=\"https:\/\/golfempresarial.com.mx\/wp-content\/uploads\/2025\/04\/11.png 1080w, https:\/\/golfempresarial.com.mx\/wp-content\/uploads\/2025\/04\/11-300x200.png 300w, https:\/\/golfempresarial.com.mx\/wp-content\/uploads\/2025\/04\/11-1024x683.png 1024w, https:\/\/golfempresarial.com.mx\/wp-content\/uploads\/2025\/04\/11-768x512.png 768w, https:\/\/golfempresarial.com.mx\/wp-content\/uploads\/2025\/04\/11-200x133.png 200w\" sizes=\"(max-width: 1080px) 100vw, 1080px\" \/><\/figure>\n\n\n\n<figure class=\"wp-block-image size-full\"><img decoding=\"async\" loading=\"lazy\" width=\"1080\" height=\"720\" src=\"https:\/\/golfempresarial.com.mx\/wp-content\/uploads\/2025\/04\/12.png\" alt=\"\" class=\"wp-image-2144\" srcset=\"https:\/\/golfempresarial.com.mx\/wp-content\/uploads\/2025\/04\/12.png 1080w, https:\/\/golfempresarial.com.mx\/wp-content\/uploads\/2025\/04\/12-300x200.png 300w, https:\/\/golfempresarial.com.mx\/wp-content\/uploads\/2025\/04\/12-1024x683.png 1024w, https:\/\/golfempresarial.com.mx\/wp-content\/uploads\/2025\/04\/12-768x512.png 768w, https:\/\/golfempresarial.com.mx\/wp-content\/uploads\/2025\/04\/12-200x133.png 200w\" sizes=\"(max-width: 1080px) 100vw, 1080px\" \/><\/figure>\n\n\n\n<figure class=\"wp-block-image size-full\"><img decoding=\"async\" loading=\"lazy\" width=\"1080\" height=\"720\" src=\"https:\/\/golfempresarial.com.mx\/wp-content\/uploads\/2025\/04\/13.png\" alt=\"\" class=\"wp-image-2142\" srcset=\"https:\/\/golfempresarial.com.mx\/wp-content\/uploads\/2025\/04\/13.png 1080w, https:\/\/golfempresarial.com.mx\/wp-content\/uploads\/2025\/04\/13-300x200.png 300w, https:\/\/golfempresarial.com.mx\/wp-content\/uploads\/2025\/04\/13-1024x683.png 1024w, https:\/\/golfempresarial.com.mx\/wp-content\/uploads\/2025\/04\/13-768x512.png 768w, https:\/\/golfempresarial.com.mx\/wp-content\/uploads\/2025\/04\/13-200x133.png 200w\" sizes=\"(max-width: 1080px) 100vw, 1080px\" \/><\/figure>\n\n\n\n<figure class=\"wp-block-image size-full\"><img decoding=\"async\" loading=\"lazy\" width=\"1080\" height=\"720\" src=\"https:\/\/golfempresarial.com.mx\/wp-content\/uploads\/2025\/04\/14.png\" alt=\"\" class=\"wp-image-2156\" srcset=\"https:\/\/golfempresarial.com.mx\/wp-content\/uploads\/2025\/04\/14.png 1080w, https:\/\/golfempresarial.com.mx\/wp-content\/uploads\/2025\/04\/14-300x200.png 300w, https:\/\/golfempresarial.com.mx\/wp-content\/uploads\/2025\/04\/14-1024x683.png 1024w, https:\/\/golfempresarial.com.mx\/wp-content\/uploads\/2025\/04\/14-768x512.png 768w, https:\/\/golfempresarial.com.mx\/wp-content\/uploads\/2025\/04\/14-200x133.png 200w\" sizes=\"(max-width: 1080px) 100vw, 1080px\" \/><\/figure>\n\n\n\n<figure class=\"wp-block-image size-full\"><img decoding=\"async\" loading=\"lazy\" width=\"1080\" height=\"720\" src=\"https:\/\/golfempresarial.com.mx\/wp-content\/uploads\/2025\/04\/15.png\" alt=\"\" class=\"wp-image-2152\" srcset=\"https:\/\/golfempresarial.com.mx\/wp-content\/uploads\/2025\/04\/15.png 1080w, https:\/\/golfempresarial.com.mx\/wp-content\/uploads\/2025\/04\/15-300x200.png 300w, https:\/\/golfempresarial.com.mx\/wp-content\/uploads\/2025\/04\/15-1024x683.png 1024w, https:\/\/golfempresarial.com.mx\/wp-content\/uploads\/2025\/04\/15-768x512.png 768w, https:\/\/golfempresarial.com.mx\/wp-content\/uploads\/2025\/04\/15-200x133.png 200w\" sizes=\"(max-width: 1080px) 100vw, 1080px\" \/><\/figure>\n\n\n\n<figure class=\"wp-block-image size-full\"><img decoding=\"async\" loading=\"lazy\" width=\"1080\" height=\"720\" src=\"https:\/\/golfempresarial.com.mx\/wp-content\/uploads\/2025\/04\/16.png\" alt=\"\" class=\"wp-image-2139\" srcset=\"https:\/\/golfempresarial.com.mx\/wp-content\/uploads\/2025\/04\/16.png 1080w, https:\/\/golfempresarial.com.mx\/wp-content\/uploads\/2025\/04\/16-300x200.png 300w, https:\/\/golfempresarial.com.mx\/wp-content\/uploads\/2025\/04\/16-1024x683.png 1024w, https:\/\/golfempresarial.com.mx\/wp-content\/uploads\/2025\/04\/16-768x512.png 768w, https:\/\/golfempresarial.com.mx\/wp-content\/uploads\/2025\/04\/16-200x133.png 200w\" sizes=\"(max-width: 1080px) 100vw, 1080px\" \/><\/figure>\n\n\n\n<figure class=\"wp-block-image size-full\"><img decoding=\"async\" loading=\"lazy\" width=\"1080\" height=\"720\" src=\"https:\/\/golfempresarial.com.mx\/wp-content\/uploads\/2025\/04\/17.png\" alt=\"\" class=\"wp-image-2154\" srcset=\"https:\/\/golfempresarial.com.mx\/wp-content\/uploads\/2025\/04\/17.png 1080w, https:\/\/golfempresarial.com.mx\/wp-content\/uploads\/2025\/04\/17-300x200.png 300w, https:\/\/golfempresarial.com.mx\/wp-content\/uploads\/2025\/04\/17-1024x683.png 1024w, https:\/\/golfempresarial.com.mx\/wp-content\/uploads\/2025\/04\/17-768x512.png 768w, https:\/\/golfempresarial.com.mx\/wp-content\/uploads\/2025\/04\/17-200x133.png 200w\" sizes=\"(max-width: 1080px) 100vw, 1080px\" \/><\/figure>\n\n\n\n<figure class=\"wp-block-image size-full\"><img decoding=\"async\" loading=\"lazy\" width=\"1080\" height=\"720\" src=\"https:\/\/golfempresarial.com.mx\/wp-content\/uploads\/2025\/04\/18.png\" alt=\"\" class=\"wp-image-2141\" srcset=\"https:\/\/golfempresarial.com.mx\/wp-content\/uploads\/2025\/04\/18.png 1080w, https:\/\/golfempresarial.com.mx\/wp-content\/uploads\/2025\/04\/18-300x200.png 300w, https:\/\/golfempresarial.com.mx\/wp-content\/uploads\/2025\/04\/18-1024x683.png 1024w, https:\/\/golfempresarial.com.mx\/wp-content\/uploads\/2025\/04\/18-768x512.png 768w, https:\/\/golfempresarial.com.mx\/wp-content\/uploads\/2025\/04\/18-200x133.png 200w\" sizes=\"(max-width: 1080px) 100vw, 1080px\" \/><\/figure>\n\n\n\n<figure class=\"wp-block-image size-full\"><img decoding=\"async\" loading=\"lazy\" width=\"1080\" height=\"720\" src=\"https:\/\/golfempresarial.com.mx\/wp-content\/uploads\/2025\/04\/19.png\" alt=\"\" class=\"wp-image-2155\" srcset=\"https:\/\/golfempresarial.com.mx\/wp-content\/uploads\/2025\/04\/19.png 1080w, https:\/\/golfempresarial.com.mx\/wp-content\/uploads\/2025\/04\/19-300x200.png 300w, https:\/\/golfempresarial.com.mx\/wp-content\/uploads\/2025\/04\/19-1024x683.png 1024w, https:\/\/golfempresarial.com.mx\/wp-content\/uploads\/2025\/04\/19-768x512.png 768w, https:\/\/golfempresarial.com.mx\/wp-content\/uploads\/2025\/04\/19-200x133.png 200w\" sizes=\"(max-width: 1080px) 100vw, 1080px\" \/><\/figure>\n\n\n\n<figure class=\"wp-block-image size-full\"><img decoding=\"async\" loading=\"lazy\" width=\"1080\" height=\"720\" src=\"https:\/\/golfempresarial.com.mx\/wp-content\/uploads\/2025\/04\/20.png\" alt=\"\" class=\"wp-image-2151\" srcset=\"https:\/\/golfempresarial.com.mx\/wp-content\/uploads\/2025\/04\/20.png 1080w, https:\/\/golfempresarial.com.mx\/wp-content\/uploads\/2025\/04\/20-300x200.png 300w, https:\/\/golfempresarial.com.mx\/wp-content\/uploads\/2025\/04\/20-1024x683.png 1024w, https:\/\/golfempresarial.com.mx\/wp-content\/uploads\/2025\/04\/20-768x512.png 768w, https:\/\/golfempresarial.com.mx\/wp-content\/uploads\/2025\/04\/20-200x133.png 200w\" sizes=\"(max-width: 1080px) 100vw, 1080px\" \/><\/figure>\n\n\n\n<figure class=\"wp-block-image size-full\"><img decoding=\"async\" loading=\"lazy\" width=\"1080\" height=\"720\" src=\"https:\/\/golfempresarial.com.mx\/wp-content\/uploads\/2025\/04\/21.png\" alt=\"\" class=\"wp-image-2137\" srcset=\"https:\/\/golfempresarial.com.mx\/wp-content\/uploads\/2025\/04\/21.png 1080w, https:\/\/golfempresarial.com.mx\/wp-content\/uploads\/2025\/04\/21-300x200.png 300w, https:\/\/golfempresarial.com.mx\/wp-content\/uploads\/2025\/04\/21-1024x683.png 1024w, https:\/\/golfempresarial.com.mx\/wp-content\/uploads\/2025\/04\/21-768x512.png 768w, https:\/\/golfempresarial.com.mx\/wp-content\/uploads\/2025\/04\/21-200x133.png 200w\" sizes=\"(max-width: 1080px) 100vw, 1080px\" \/><\/figure>\n\n\n\n<figure class=\"wp-block-image size-full\"><img decoding=\"async\" loading=\"lazy\" width=\"1080\" height=\"720\" src=\"https:\/\/golfempresarial.com.mx\/wp-content\/uploads\/2025\/04\/22.png\" alt=\"\" class=\"wp-image-2136\" srcset=\"https:\/\/golfempresarial.com.mx\/wp-content\/uploads\/2025\/04\/22.png 1080w, https:\/\/golfempresarial.com.mx\/wp-content\/uploads\/2025\/04\/22-300x200.png 300w, https:\/\/golfempresarial.com.mx\/wp-content\/uploads\/2025\/04\/22-1024x683.png 1024w, https:\/\/golfempresarial.com.mx\/wp-content\/uploads\/2025\/04\/22-768x512.png 768w, https:\/\/golfempresarial.com.mx\/wp-content\/uploads\/2025\/04\/22-200x133.png 200w\" sizes=\"(max-width: 1080px) 100vw, 1080px\" \/><\/figure>\n\n\n\n<figure class=\"wp-block-image size-full\"><img decoding=\"async\" loading=\"lazy\" width=\"1080\" height=\"720\" src=\"https:\/\/golfempresarial.com.mx\/wp-content\/uploads\/2025\/04\/23.png\" alt=\"\" class=\"wp-image-2135\" srcset=\"https:\/\/golfempresarial.com.mx\/wp-content\/uploads\/2025\/04\/23.png 1080w, https:\/\/golfempresarial.com.mx\/wp-content\/uploads\/2025\/04\/23-300x200.png 300w, https:\/\/golfempresarial.com.mx\/wp-content\/uploads\/2025\/04\/23-1024x683.png 1024w, https:\/\/golfempresarial.com.mx\/wp-content\/uploads\/2025\/04\/23-768x512.png 768w, https:\/\/golfempresarial.com.mx\/wp-content\/uploads\/2025\/04\/23-200x133.png 200w\" sizes=\"(max-width: 1080px) 100vw, 1080px\" \/><\/figure>\n\n\n\n<figure class=\"wp-block-image size-full\"><img decoding=\"async\" loading=\"lazy\" width=\"1080\" height=\"720\" src=\"https:\/\/golfempresarial.com.mx\/wp-content\/uploads\/2025\/04\/24.png\" alt=\"\" class=\"wp-image-2153\" srcset=\"https:\/\/golfempresarial.com.mx\/wp-content\/uploads\/2025\/04\/24.png 1080w, https:\/\/golfempresarial.com.mx\/wp-content\/uploads\/2025\/04\/24-300x200.png 300w, https:\/\/golfempresarial.com.mx\/wp-content\/uploads\/2025\/04\/24-1024x683.png 1024w, https:\/\/golfempresarial.com.mx\/wp-content\/uploads\/2025\/04\/24-768x512.png 768w, https:\/\/golfempresarial.com.mx\/wp-content\/uploads\/2025\/04\/24-200x133.png 200w\" sizes=\"(max-width: 1080px) 100vw, 1080px\" \/><\/figure>\n<\/figure>\n<\/div>\n\n\n\n<p class=\"has-ast-global-color-2-color has-text-color\" style=\"font-size:32px\">INFORMACI\u00d3N:<\/p>\n\n\n\n<p class=\"has-ast-global-color-2-color has-text-color\"><strong>GOLF EMPRESARIAL<\/strong> es una comunidad de Golf integrado por j\u00f3venes e innovadores que combinan la experiencia y compromiso de los expertos que han formado los cimientos de esta importante liga.<\/p>\n\n\n\n<div class=\"wp-block-uagb-container uagb-block-271ffa43 alignfull uagb-is-root-container\"><div class=\"uagb-container-inner-blocks-wrap\">\n<div class=\"wp-block-uagb-container uagb-block-624efc4a\">\n<div class=\"wp-block-uagb-image uagb-block-a06a8f4d wp-block-uagb-image--layout-default wp-block-uagb-image--effect-static wp-block-uagb-image--align-none\"><figure class=\"wp-block-uagb-image__figure\"><img decoding=\"async\" srcset=\"https:\/\/golfempresarial.com.mx\/wp-content\/uploads\/2025\/11\/Convocatoria2-1-1024x833.png \" src=\"https:\/\/golfempresarial.com.mx\/wp-content\/uploads\/2025\/11\/Convocatoria2-1-1024x833.png\" alt=\"\" class=\"uag-image-3059\" width=\"\" height=\"\" title=\"\" loading=\"lazy\"\/><\/figure><\/div>\n\n\n\n<p class=\"has-ast-global-color-2-color has-text-color has-medium-font-size\">Nuestro objetivo principal es ofrecer un evento premium donde comunidad golf\u00edstica tenga la oportunidad de vivir la experiencia \u00fanica de jugar y convivir con varios de nuestros grandes exponentes de golf en M\u00e9xico.<br><br>As\u00ed mismo la comunidad de GOLF EMPRESARIAL busca apoyar causas en la zona occidente del pa\u00eds donde se tiene contemplado al menos 6 jugadas en el 2025.<\/p>\n<\/div>\n\n\n\n<div class=\"wp-block-uagb-container uagb-block-dd6298fd\">\n<div class=\"wp-block-uagb-image uagb-block-04334ea1 wp-block-uagb-image--layout-default wp-block-uagb-image--effect-zoomin wp-block-uagb-image--align-none\"><figure class=\"wp-block-uagb-image__figure\"><img decoding=\"async\" srcset=\"https:\/\/golfempresarial.com.mx\/wp-content\/uploads\/2025\/01\/owner.jpg \" src=\"https:\/\/golfempresarial.com.mx\/wp-content\/uploads\/2025\/01\/owner.jpg\" alt=\"\" class=\"uag-image-1945\" width=\"\" height=\"\" title=\"\" loading=\"lazy\"\/><\/figure><\/div>\n<\/div>\n\n\n\n<div class=\"wp-block-uagb-container uagb-block-95acf128\">\n<div class=\"wp-block-uagb-image uagb-block-34302345 wp-block-uagb-image--layout-default wp-block-uagb-image--effect-static wp-block-uagb-image--align-none\"><figure class=\"wp-block-uagb-image__figure\"><img decoding=\"async\" srcset=\"https:\/\/golfempresarial.com.mx\/wp-content\/uploads\/2025\/01\/IMG-20250109-WA0016.jpg \" src=\"https:\/\/golfempresarial.com.mx\/wp-content\/uploads\/2025\/01\/IMG-20250109-WA0016.jpg\" alt=\"\" class=\"uag-image-1967\" width=\"\" height=\"\" title=\"\" loading=\"lazy\"\/><\/figure><\/div>\n<\/div>\n<\/div><\/div>\n","protected":false},"excerpt":{"rendered":"<p>INFORMACI\u00d3N: GOLF EMPRESARIAL es una comunidad de Golf integrado por j\u00f3venes e innovadores que combinan la experiencia y compromiso de los expertos que han formado los cimientos de esta importante liga.<\/p>\n","protected":false},"author":1,"featured_media":0,"parent":0,"menu_order":0,"comment_status":"closed","ping_status":"closed","template":"","meta":{"_uag_custom_page_level_css":"","site-sidebar-layout":"default","site-content-layout":"default","ast-global-header-display":"","ast-main-header-display":"","ast-hfb-above-header-display":"","ast-hfb-below-header-display":"","ast-hfb-mobile-header-display":"","site-post-title":"","ast-breadcrumbs-content":"","ast-featured-img":"","footer-sml-layout":"","theme-transparent-header-meta":"","adv-header-id-meta":"","stick-header-meta":"","header-above-stick-meta":"","header-main-stick-meta":"","header-below-stick-meta":""},"uagb_featured_image_src":{"full":false,"thumbnail":false,"medium":false,"medium_large":false,"large":false,"1536x1536":false,"2048x2048":false,"depicter-thumbnail":false},"uagb_author_info":{"display_name":"contacto@golfempresarial.com.mx","author_link":"https:\/\/golfempresarial.com.mx\/index.php\/author\/contactoforeleague-golf\/"},"uagb_comment_info":0,"uagb_excerpt":"INFORMACI\u00d3N: GOLF EMPRESARIAL es una comunidad de Golf integrado por j\u00f3venes e innovadores que combinan la experiencia y compromiso de los expertos que han formado los cimientos de esta importante liga.","_links":{"self":[{"href":"https:\/\/golfempresarial.com.mx\/index.php\/wp-json\/wp\/v2\/pages\/2130"}],"collection":[{"href":"https:\/\/golfempresarial.com.mx\/index.php\/wp-json\/wp\/v2\/pages"}],"about":[{"href":"https:\/\/golfempresarial.com.mx\/index.php\/wp-json\/wp\/v2\/types\/page"}],"author":[{"embeddable":true,"href":"https:\/\/golfempresarial.com.mx\/index.php\/wp-json\/wp\/v2\/users\/1"}],"replies":[{"embeddable":true,"href":"https:\/\/golfempresarial.com.mx\/index.php\/wp-json\/wp\/v2\/comments?post=2130"}],"version-history":[{"count":18,"href":"https:\/\/golfempresarial.com.mx\/index.php\/wp-json\/wp\/v2\/pages\/2130\/revisions"}],"predecessor-version":[{"id":3147,"href":"https:\/\/golfempresarial.com.mx\/index.php\/wp-json\/wp\/v2\/pages\/2130\/revisions\/3147"}],"wp:attachment":[{"href":"https:\/\/golfempresarial.com.mx\/index.php\/wp-json\/wp\/v2\/media?parent=2130"}],"curies":[{"name":"wp","href":"https:\/\/api.w.org\/{rel}","templated":true}]}}