{"id":235,"date":"2023-04-05T21:33:24","date_gmt":"2023-04-05T21:33:24","guid":{"rendered":"https:\/\/golfempresarial.com.mx\/?page_id=235"},"modified":"2025-12-04T06:00:46","modified_gmt":"2025-12-04T06:00:46","slug":"sobre-nosotros","status":"publish","type":"page","link":"https:\/\/golfempresarial.com.mx\/index.php\/sobre-nosotros\/","title":{"rendered":"GOLF EMPRESARIAL &#8211; TOUR 2025 &#8211; 1RA ETAPA ALTOZANO (CONCLUIDA)"},"content":{"rendered":"\n<p class=\"has-ast-global-color-2-color has-text-color\" style=\"font-size:32px\">INFORMACI\u00d3N:<\/p>\n\n\n\n<p class=\"has-ast-global-color-2-color has-text-color\"><strong>GOLF EMPRESARIAL<\/strong> es una comunidad de Golf integrado por j\u00f3venes e innovadores que combinan la experiencia y compromiso de los expertos que han formado los cimientos de esta importante liga.<\/p>\n\n\n\n<div class=\"wp-block-uagb-container uagb-block-68e64a1e alignfull uagb-is-root-container\">\n<figure class=\"is-layout-flex wp-block-gallery-1 wp-block-gallery has-nested-images columns-default is-cropped uag-masonry uagb-block-c450c7f4\">\n<figure class=\"wp-block-image size-full\"><img decoding=\"async\" loading=\"lazy\" width=\"1080\" height=\"720\" src=\"https:\/\/golfempresarial.com.mx\/wp-content\/uploads\/2025\/04\/1-1.png\" alt=\"\" class=\"wp-image-2313\" srcset=\"https:\/\/golfempresarial.com.mx\/wp-content\/uploads\/2025\/04\/1-1.png 1080w, https:\/\/golfempresarial.com.mx\/wp-content\/uploads\/2025\/04\/1-1-300x200.png 300w, https:\/\/golfempresarial.com.mx\/wp-content\/uploads\/2025\/04\/1-1-1024x683.png 1024w, https:\/\/golfempresarial.com.mx\/wp-content\/uploads\/2025\/04\/1-1-768x512.png 768w, https:\/\/golfempresarial.com.mx\/wp-content\/uploads\/2025\/04\/1-1-200x133.png 200w\" sizes=\"(max-width: 1080px) 100vw, 1080px\" \/><\/figure>\n\n\n\n<figure class=\"wp-block-image size-full\"><img decoding=\"async\" loading=\"lazy\" width=\"1080\" height=\"720\" src=\"https:\/\/golfempresarial.com.mx\/wp-content\/uploads\/2025\/04\/9-1.png\" alt=\"\" class=\"wp-image-2321\" srcset=\"https:\/\/golfempresarial.com.mx\/wp-content\/uploads\/2025\/04\/9-1.png 1080w, https:\/\/golfempresarial.com.mx\/wp-content\/uploads\/2025\/04\/9-1-300x200.png 300w, https:\/\/golfempresarial.com.mx\/wp-content\/uploads\/2025\/04\/9-1-1024x683.png 1024w, https:\/\/golfempresarial.com.mx\/wp-content\/uploads\/2025\/04\/9-1-768x512.png 768w, https:\/\/golfempresarial.com.mx\/wp-content\/uploads\/2025\/04\/9-1-200x133.png 200w\" sizes=\"(max-width: 1080px) 100vw, 1080px\" \/><\/figure>\n\n\n\n<figure class=\"wp-block-image size-full\"><img decoding=\"async\" loading=\"lazy\" width=\"1080\" height=\"720\" src=\"https:\/\/golfempresarial.com.mx\/wp-content\/uploads\/2025\/04\/8-1.png\" alt=\"\" class=\"wp-image-2320\" srcset=\"https:\/\/golfempresarial.com.mx\/wp-content\/uploads\/2025\/04\/8-1.png 1080w, https:\/\/golfempresarial.com.mx\/wp-content\/uploads\/2025\/04\/8-1-300x200.png 300w, https:\/\/golfempresarial.com.mx\/wp-content\/uploads\/2025\/04\/8-1-1024x683.png 1024w, https:\/\/golfempresarial.com.mx\/wp-content\/uploads\/2025\/04\/8-1-768x512.png 768w, https:\/\/golfempresarial.com.mx\/wp-content\/uploads\/2025\/04\/8-1-200x133.png 200w\" sizes=\"(max-width: 1080px) 100vw, 1080px\" \/><\/figure>\n\n\n\n<figure class=\"wp-block-image size-full\"><img decoding=\"async\" loading=\"lazy\" width=\"1080\" height=\"720\" src=\"https:\/\/golfempresarial.com.mx\/wp-content\/uploads\/2025\/04\/7-1.png\" alt=\"\" class=\"wp-image-2319\" srcset=\"https:\/\/golfempresarial.com.mx\/wp-content\/uploads\/2025\/04\/7-1.png 1080w, https:\/\/golfempresarial.com.mx\/wp-content\/uploads\/2025\/04\/7-1-300x200.png 300w, https:\/\/golfempresarial.com.mx\/wp-content\/uploads\/2025\/04\/7-1-1024x683.png 1024w, https:\/\/golfempresarial.com.mx\/wp-content\/uploads\/2025\/04\/7-1-768x512.png 768w, https:\/\/golfempresarial.com.mx\/wp-content\/uploads\/2025\/04\/7-1-200x133.png 200w\" sizes=\"(max-width: 1080px) 100vw, 1080px\" \/><\/figure>\n\n\n\n<figure class=\"wp-block-image size-full\"><img decoding=\"async\" loading=\"lazy\" width=\"1080\" height=\"720\" src=\"https:\/\/golfempresarial.com.mx\/wp-content\/uploads\/2025\/04\/6-1.png\" alt=\"\" class=\"wp-image-2318\" srcset=\"https:\/\/golfempresarial.com.mx\/wp-content\/uploads\/2025\/04\/6-1.png 1080w, https:\/\/golfempresarial.com.mx\/wp-content\/uploads\/2025\/04\/6-1-300x200.png 300w, https:\/\/golfempresarial.com.mx\/wp-content\/uploads\/2025\/04\/6-1-1024x683.png 1024w, https:\/\/golfempresarial.com.mx\/wp-content\/uploads\/2025\/04\/6-1-768x512.png 768w, https:\/\/golfempresarial.com.mx\/wp-content\/uploads\/2025\/04\/6-1-200x133.png 200w\" sizes=\"(max-width: 1080px) 100vw, 1080px\" \/><\/figure>\n\n\n\n<figure class=\"wp-block-image size-full\"><img decoding=\"async\" loading=\"lazy\" width=\"1080\" height=\"720\" src=\"https:\/\/golfempresarial.com.mx\/wp-content\/uploads\/2025\/04\/5-1.png\" alt=\"\" class=\"wp-image-2317\" srcset=\"https:\/\/golfempresarial.com.mx\/wp-content\/uploads\/2025\/04\/5-1.png 1080w, https:\/\/golfempresarial.com.mx\/wp-content\/uploads\/2025\/04\/5-1-300x200.png 300w, https:\/\/golfempresarial.com.mx\/wp-content\/uploads\/2025\/04\/5-1-1024x683.png 1024w, https:\/\/golfempresarial.com.mx\/wp-content\/uploads\/2025\/04\/5-1-768x512.png 768w, https:\/\/golfempresarial.com.mx\/wp-content\/uploads\/2025\/04\/5-1-200x133.png 200w\" sizes=\"(max-width: 1080px) 100vw, 1080px\" \/><\/figure>\n\n\n\n<figure class=\"wp-block-image size-full\"><img decoding=\"async\" loading=\"lazy\" width=\"1080\" height=\"720\" src=\"https:\/\/golfempresarial.com.mx\/wp-content\/uploads\/2025\/04\/4-1.png\" alt=\"\" class=\"wp-image-2316\" srcset=\"https:\/\/golfempresarial.com.mx\/wp-content\/uploads\/2025\/04\/4-1.png 1080w, https:\/\/golfempresarial.com.mx\/wp-content\/uploads\/2025\/04\/4-1-300x200.png 300w, https:\/\/golfempresarial.com.mx\/wp-content\/uploads\/2025\/04\/4-1-1024x683.png 1024w, https:\/\/golfempresarial.com.mx\/wp-content\/uploads\/2025\/04\/4-1-768x512.png 768w, https:\/\/golfempresarial.com.mx\/wp-content\/uploads\/2025\/04\/4-1-200x133.png 200w\" sizes=\"(max-width: 1080px) 100vw, 1080px\" \/><\/figure>\n\n\n\n<figure class=\"wp-block-image size-full\"><img decoding=\"async\" loading=\"lazy\" width=\"1080\" height=\"720\" src=\"https:\/\/golfempresarial.com.mx\/wp-content\/uploads\/2025\/04\/3-1.png\" alt=\"\" class=\"wp-image-2315\" srcset=\"https:\/\/golfempresarial.com.mx\/wp-content\/uploads\/2025\/04\/3-1.png 1080w, https:\/\/golfempresarial.com.mx\/wp-content\/uploads\/2025\/04\/3-1-300x200.png 300w, https:\/\/golfempresarial.com.mx\/wp-content\/uploads\/2025\/04\/3-1-1024x683.png 1024w, https:\/\/golfempresarial.com.mx\/wp-content\/uploads\/2025\/04\/3-1-768x512.png 768w, https:\/\/golfempresarial.com.mx\/wp-content\/uploads\/2025\/04\/3-1-200x133.png 200w\" sizes=\"(max-width: 1080px) 100vw, 1080px\" \/><\/figure>\n\n\n\n<figure class=\"wp-block-image size-full\"><img decoding=\"async\" loading=\"lazy\" width=\"1080\" height=\"720\" src=\"https:\/\/golfempresarial.com.mx\/wp-content\/uploads\/2025\/04\/2-1.png\" alt=\"\" class=\"wp-image-2314\" srcset=\"https:\/\/golfempresarial.com.mx\/wp-content\/uploads\/2025\/04\/2-1.png 1080w, https:\/\/golfempresarial.com.mx\/wp-content\/uploads\/2025\/04\/2-1-300x200.png 300w, https:\/\/golfempresarial.com.mx\/wp-content\/uploads\/2025\/04\/2-1-1024x683.png 1024w, https:\/\/golfempresarial.com.mx\/wp-content\/uploads\/2025\/04\/2-1-768x512.png 768w, https:\/\/golfempresarial.com.mx\/wp-content\/uploads\/2025\/04\/2-1-200x133.png 200w\" sizes=\"(max-width: 1080px) 100vw, 1080px\" \/><\/figure>\n<\/figure>\n<\/div>\n\n\n\n<div class=\"wp-block-uagb-container uagb-block-276dbda9 alignfull uagb-is-root-container\"><div class=\"uagb-container-inner-blocks-wrap\">\n<div class=\"wp-block-uagb-container uagb-block-484519c8\">\n<div class=\"wp-block-uagb-image uagb-block-ca6da5ea wp-block-uagb-image--layout-default wp-block-uagb-image--effect-static wp-block-uagb-image--align-none\"><figure class=\"wp-block-uagb-image__figure\"><img decoding=\"async\" srcset=\"https:\/\/golfempresarial.com.mx\/wp-content\/uploads\/2025\/11\/Convocatoria2-1-1024x833.png \" src=\"https:\/\/golfempresarial.com.mx\/wp-content\/uploads\/2025\/11\/Convocatoria2-1-1024x833.png\" alt=\"\" class=\"uag-image-3059\" width=\"\" height=\"\" title=\"\" loading=\"lazy\"\/><\/figure><\/div>\n\n\n\n<p class=\"has-ast-global-color-2-color has-text-color has-medium-font-size\">Nuestro objetivo principal es ofrecer un evento premium donde comunidad golf\u00edstica tenga la oportunidad de vivir la experiencia \u00fanica de jugar y convivir con varios de nuestros grandes exponentes de golf en M\u00e9xico.<br><br>As\u00ed mismo la comunidad de GOLF EMPRESARIAL busca apoyar causas en la zona occidente del pa\u00eds donde se tiene contemplado al menos 6 jugadas en el 2025.<\/p>\n<\/div>\n\n\n\n<div class=\"wp-block-uagb-container uagb-block-550c3e6d\">\n<div class=\"wp-block-uagb-image uagb-block-81c2c8f0 wp-block-uagb-image--layout-default wp-block-uagb-image--effect-zoomin wp-block-uagb-image--align-none\"><figure class=\"wp-block-uagb-image__figure\"><img decoding=\"async\" srcset=\"https:\/\/golfempresarial.com.mx\/wp-content\/uploads\/2025\/01\/owner.jpg \" src=\"https:\/\/golfempresarial.com.mx\/wp-content\/uploads\/2025\/01\/owner.jpg\" alt=\"\" class=\"uag-image-1945\" width=\"\" height=\"\" title=\"\" loading=\"lazy\"\/><\/figure><\/div>\n<\/div>\n\n\n\n<div class=\"wp-block-uagb-container uagb-block-af77eae3\">\n<div class=\"wp-block-uagb-image uagb-block-2716d93b wp-block-uagb-image--layout-default wp-block-uagb-image--effect-static wp-block-uagb-image--align-none\"><figure class=\"wp-block-uagb-image__figure\"><img decoding=\"async\" srcset=\"https:\/\/golfempresarial.com.mx\/wp-content\/uploads\/2025\/01\/IMG-20250109-WA0016.jpg \" src=\"https:\/\/golfempresarial.com.mx\/wp-content\/uploads\/2025\/01\/IMG-20250109-WA0016.jpg\" alt=\"\" class=\"uag-image-1967\" width=\"\" height=\"\" title=\"\" loading=\"lazy\"\/><\/figure><\/div>\n<\/div>\n<\/div><\/div>\n\n\n\n<div class=\"wp-block-uagb-container uagb-block-0b51e01f alignfull uagb-is-root-container\"><div class=\"uagb-container-inner-blocks-wrap\">\n<div class=\"wp-block-uagb-container uagb-block-1621c590\">\n<ul class=\"is-horizontal is-content-justification-center is-layout-flex wp-container-3 wp-block-social-links has-icon-color is-style-logos-only\"><li style=\"color: #ffffff; \" class=\"wp-social-link wp-social-link-facebook wp-block-social-link\"><a href=\"https:\/\/www.facebook.com\/Foreleague\" rel=\"noopener nofollow\" target=\"_blank\" class=\"wp-block-social-link-anchor\"><svg width=\"24\" height=\"24\" viewBox=\"0 0 24 24\" version=\"1.1\" xmlns=\"http:\/\/www.w3.org\/2000\/svg\" aria-hidden=\"true\" focusable=\"false\"><path d=\"M12 2C6.5 2 2 6.5 2 12c0 5 3.7 9.1 8.4 9.9v-7H7.9V12h2.5V9.8c0-2.5 1.5-3.9 3.8-3.9 1.1 0 2.2.2 2.2.2v2.5h-1.3c-1.2 0-1.6.8-1.6 1.6V12h2.8l-.4 2.9h-2.3v7C18.3 21.1 22 17 22 12c0-5.5-4.5-10-10-10z\"><\/path><\/svg><span class=\"wp-block-social-link-label screen-reader-text\"><\/span><\/a><\/li>\n\n<li style=\"color: #ffffff; \" class=\"wp-social-link wp-social-link-whatsapp wp-block-social-link\"><a href=\"https:\/\/wa.link\/8hcx7t\" rel=\"noopener nofollow\" target=\"_blank\" class=\"wp-block-social-link-anchor\"><svg width=\"24\" height=\"24\" viewBox=\"0 0 24 24\" version=\"1.1\" xmlns=\"http:\/\/www.w3.org\/2000\/svg\" aria-hidden=\"true\" focusable=\"false\"><path d=\"M 12.011719 2 C 6.5057187 2 2.0234844 6.478375 2.0214844 11.984375 C 2.0204844 13.744375 2.4814687 15.462563 3.3554688 16.976562 L 2 22 L 7.2324219 20.763672 C 8.6914219 21.559672 10.333859 21.977516 12.005859 21.978516 L 12.009766 21.978516 C 17.514766 21.978516 21.995047 17.499141 21.998047 11.994141 C 22.000047 9.3251406 20.962172 6.8157344 19.076172 4.9277344 C 17.190172 3.0407344 14.683719 2.001 12.011719 2 z M 12.009766 4 C 14.145766 4.001 16.153109 4.8337969 17.662109 6.3417969 C 19.171109 7.8517969 20.000047 9.8581875 19.998047 11.992188 C 19.996047 16.396187 16.413812 19.978516 12.007812 19.978516 C 10.674812 19.977516 9.3544062 19.642812 8.1914062 19.007812 L 7.5175781 18.640625 L 6.7734375 18.816406 L 4.8046875 19.28125 L 5.2851562 17.496094 L 5.5019531 16.695312 L 5.0878906 15.976562 C 4.3898906 14.768562 4.0204844 13.387375 4.0214844 11.984375 C 4.0234844 7.582375 7.6067656 4 12.009766 4 z M 8.4765625 7.375 C 8.3095625 7.375 8.0395469 7.4375 7.8105469 7.6875 C 7.5815469 7.9365 6.9355469 8.5395781 6.9355469 9.7675781 C 6.9355469 10.995578 7.8300781 12.182609 7.9550781 12.349609 C 8.0790781 12.515609 9.68175 15.115234 12.21875 16.115234 C 14.32675 16.946234 14.754891 16.782234 15.212891 16.740234 C 15.670891 16.699234 16.690438 16.137687 16.898438 15.554688 C 17.106437 14.971687 17.106922 14.470187 17.044922 14.367188 C 16.982922 14.263188 16.816406 14.201172 16.566406 14.076172 C 16.317406 13.951172 15.090328 13.348625 14.861328 13.265625 C 14.632328 13.182625 14.464828 13.140625 14.298828 13.390625 C 14.132828 13.640625 13.655766 14.201187 13.509766 14.367188 C 13.363766 14.534188 13.21875 14.556641 12.96875 14.431641 C 12.71875 14.305641 11.914938 14.041406 10.960938 13.191406 C 10.218937 12.530406 9.7182656 11.714844 9.5722656 11.464844 C 9.4272656 11.215844 9.5585938 11.079078 9.6835938 10.955078 C 9.7955938 10.843078 9.9316406 10.663578 10.056641 10.517578 C 10.180641 10.371578 10.223641 10.267562 10.306641 10.101562 C 10.389641 9.9355625 10.347156 9.7890625 10.285156 9.6640625 C 10.223156 9.5390625 9.737625 8.3065 9.515625 7.8125 C 9.328625 7.3975 9.131125 7.3878594 8.953125 7.3808594 C 8.808125 7.3748594 8.6425625 7.375 8.4765625 7.375 z\"><\/path><\/svg><span class=\"wp-block-social-link-label screen-reader-text\">WhatsApp<\/span><\/a><\/li>\n\n<li style=\"color: #ffffff; \" class=\"wp-social-link wp-social-link-instagram wp-block-social-link\"><a href=\"https:\/\/www.instagram.com\/fore_league\/\" rel=\"noopener nofollow\" target=\"_blank\" class=\"wp-block-social-link-anchor\"><svg width=\"24\" height=\"24\" viewBox=\"0 0 24 24\" version=\"1.1\" xmlns=\"http:\/\/www.w3.org\/2000\/svg\" aria-hidden=\"true\" focusable=\"false\"><path d=\"M12,4.622c2.403,0,2.688,0.009,3.637,0.052c0.877,0.04,1.354,0.187,1.671,0.31c0.42,0.163,0.72,0.358,1.035,0.673 c0.315,0.315,0.51,0.615,0.673,1.035c0.123,0.317,0.27,0.794,0.31,1.671c0.043,0.949,0.052,1.234,0.052,3.637 s-0.009,2.688-0.052,3.637c-0.04,0.877-0.187,1.354-0.31,1.671c-0.163,0.42-0.358,0.72-0.673,1.035 c-0.315,0.315-0.615,0.51-1.035,0.673c-0.317,0.123-0.794,0.27-1.671,0.31c-0.949,0.043-1.233,0.052-3.637,0.052 s-2.688-0.009-3.637-0.052c-0.877-0.04-1.354-0.187-1.671-0.31c-0.42-0.163-0.72-0.358-1.035-0.673 c-0.315-0.315-0.51-0.615-0.673-1.035c-0.123-0.317-0.27-0.794-0.31-1.671C4.631,14.688,4.622,14.403,4.622,12 s0.009-2.688,0.052-3.637c0.04-0.877,0.187-1.354,0.31-1.671c0.163-0.42,0.358-0.72,0.673-1.035 c0.315-0.315,0.615-0.51,1.035-0.673c0.317-0.123,0.794-0.27,1.671-0.31C9.312,4.631,9.597,4.622,12,4.622 M12,3 C9.556,3,9.249,3.01,8.289,3.054C7.331,3.098,6.677,3.25,6.105,3.472C5.513,3.702,5.011,4.01,4.511,4.511 c-0.5,0.5-0.808,1.002-1.038,1.594C3.25,6.677,3.098,7.331,3.054,8.289C3.01,9.249,3,9.556,3,12c0,2.444,0.01,2.751,0.054,3.711 c0.044,0.958,0.196,1.612,0.418,2.185c0.23,0.592,0.538,1.094,1.038,1.594c0.5,0.5,1.002,0.808,1.594,1.038 c0.572,0.222,1.227,0.375,2.185,0.418C9.249,20.99,9.556,21,12,21s2.751-0.01,3.711-0.054c0.958-0.044,1.612-0.196,2.185-0.418 c0.592-0.23,1.094-0.538,1.594-1.038c0.5-0.5,0.808-1.002,1.038-1.594c0.222-0.572,0.375-1.227,0.418-2.185 C20.99,14.751,21,14.444,21,12s-0.01-2.751-0.054-3.711c-0.044-0.958-0.196-1.612-0.418-2.185c-0.23-0.592-0.538-1.094-1.038-1.594 c-0.5-0.5-1.002-0.808-1.594-1.038c-0.572-0.222-1.227-0.375-2.185-0.418C14.751,3.01,14.444,3,12,3L12,3z M12,7.378 c-2.552,0-4.622,2.069-4.622,4.622S9.448,16.622,12,16.622s4.622-2.069,4.622-4.622S14.552,7.378,12,7.378z M12,15 c-1.657,0-3-1.343-3-3s1.343-3,3-3s3,1.343,3,3S13.657,15,12,15z M16.804,6.116c-0.596,0-1.08,0.484-1.08,1.08 s0.484,1.08,1.08,1.08c0.596,0,1.08-0.484,1.08-1.08S17.401,6.116,16.804,6.116z\"><\/path><\/svg><span class=\"wp-block-social-link-label screen-reader-text\">Instagram<\/span><\/a><\/li>\n\n<li style=\"color: #ffffff; \" class=\"wp-social-link wp-social-link-mail wp-block-social-link\"><a href=\"mailto:contacto@golfempresarial.com.mx\" rel=\"noopener nofollow\" target=\"_blank\" class=\"wp-block-social-link-anchor\"><svg width=\"24\" height=\"24\" viewBox=\"0 0 24 24\" version=\"1.1\" xmlns=\"http:\/\/www.w3.org\/2000\/svg\" aria-hidden=\"true\" focusable=\"false\"><path d=\"M20,4H4C2.895,4,2,4.895,2,6v12c0,1.105,0.895,2,2,2h16c1.105,0,2-0.895,2-2V6C22,4.895,21.105,4,20,4z M20,8.236l-8,4.882 L4,8.236V6h16V8.236z\"><\/path><\/svg><span class=\"wp-block-social-link-label screen-reader-text\">Mail<\/span><\/a><\/li><\/ul>\n<\/div>\n<\/div><\/div>\n","protected":false},"excerpt":{"rendered":"<p>INFORMACI\u00d3N: GOLF EMPRESARIAL es una comunidad de Golf integrado por j\u00f3venes e innovadores que combinan la experiencia y compromiso de los expertos que han formado los cimientos de esta importante liga.<\/p>\n","protected":false},"author":1,"featured_media":0,"parent":0,"menu_order":15,"comment_status":"closed","ping_status":"closed","template":"","meta":{"_uag_custom_page_level_css":"","site-sidebar-layout":"default","site-content-layout":"default","ast-global-header-display":"","ast-main-header-display":"","ast-hfb-above-header-display":"","ast-hfb-below-header-display":"","ast-hfb-mobile-header-display":"","site-post-title":"","ast-breadcrumbs-content":"","ast-featured-img":"","footer-sml-layout":"","theme-transparent-header-meta":"","adv-header-id-meta":"","stick-header-meta":"","header-above-stick-meta":"","header-main-stick-meta":"","header-below-stick-meta":""},"uagb_featured_image_src":{"full":false,"thumbnail":false,"medium":false,"medium_large":false,"large":false,"1536x1536":false,"2048x2048":false,"depicter-thumbnail":false},"uagb_author_info":{"display_name":"contacto@golfempresarial.com.mx","author_link":"https:\/\/golfempresarial.com.mx\/index.php\/author\/contactoforeleague-golf\/"},"uagb_comment_info":0,"uagb_excerpt":"INFORMACI\u00d3N: GOLF EMPRESARIAL es una comunidad de Golf integrado por j\u00f3venes e innovadores que combinan la experiencia y compromiso de los expertos que han formado los cimientos de esta importante liga.","_links":{"self":[{"href":"https:\/\/golfempresarial.com.mx\/index.php\/wp-json\/wp\/v2\/pages\/235"}],"collection":[{"href":"https:\/\/golfempresarial.com.mx\/index.php\/wp-json\/wp\/v2\/pages"}],"about":[{"href":"https:\/\/golfempresarial.com.mx\/index.php\/wp-json\/wp\/v2\/types\/page"}],"author":[{"embeddable":true,"href":"https:\/\/golfempresarial.com.mx\/index.php\/wp-json\/wp\/v2\/users\/1"}],"replies":[{"embeddable":true,"href":"https:\/\/golfempresarial.com.mx\/index.php\/wp-json\/wp\/v2\/comments?post=235"}],"version-history":[{"count":72,"href":"https:\/\/golfempresarial.com.mx\/index.php\/wp-json\/wp\/v2\/pages\/235\/revisions"}],"predecessor-version":[{"id":3181,"href":"https:\/\/golfempresarial.com.mx\/index.php\/wp-json\/wp\/v2\/pages\/235\/revisions\/3181"}],"wp:attachment":[{"href":"https:\/\/golfempresarial.com.mx\/index.php\/wp-json\/wp\/v2\/media?parent=235"}],"curies":[{"name":"wp","href":"https:\/\/api.w.org\/{rel}","templated":true}]}}